{"id":11,"date":"2026-01-12T17:23:44","date_gmt":"2026-01-12T17:23:44","guid":{"rendered":"https:\/\/braggaconsultoria.com\/?page_id=11"},"modified":"2026-01-15T14:15:59","modified_gmt":"2026-01-15T14:15:59","slug":"home","status":"publish","type":"page","link":"https:\/\/braggaconsultoria.com\/","title":{"rendered":"Home"},"content":{"rendered":"\n<div class=\"wp-block-cover\" style=\"padding-top:120px;padding-right:0px;padding-bottom:120px;padding-left:0px;min-height:25vh;aspect-ratio:unset;\"><img loading=\"lazy\" decoding=\"async\" width=\"1024\" height=\"576\" class=\"wp-block-cover__image-background wp-image-84 size-large\" alt=\"\" src=\"https:\/\/braggaconsultoria.com\/wp-content\/uploads\/2026\/01\/isaac-sloman-a7Yuk1ZUN0A-unsplash_2-1024x576.png\" style=\"object-position:50% 30%\" data-object-fit=\"cover\" data-object-position=\"50% 30%\" srcset=\"https:\/\/braggaconsultoria.com\/wp-content\/uploads\/2026\/01\/isaac-sloman-a7Yuk1ZUN0A-unsplash_2-1024x576.png 1024w, https:\/\/braggaconsultoria.com\/wp-content\/uploads\/2026\/01\/isaac-sloman-a7Yuk1ZUN0A-unsplash_2-300x169.png 300w, https:\/\/braggaconsultoria.com\/wp-content\/uploads\/2026\/01\/isaac-sloman-a7Yuk1ZUN0A-unsplash_2-768x432.png 768w, https:\/\/braggaconsultoria.com\/wp-content\/uploads\/2026\/01\/isaac-sloman-a7Yuk1ZUN0A-unsplash_2-1536x864.png 1536w, https:\/\/braggaconsultoria.com\/wp-content\/uploads\/2026\/01\/isaac-sloman-a7Yuk1ZUN0A-unsplash_2-2048x1152.png 2048w\" sizes=\"auto, (max-width: 1024px) 100vw, 1024px\" \/><span aria-hidden=\"true\" class=\"wp-block-cover__background has-black-background-color has-background-dim\"><\/span><div class=\"wp-block-cover__inner-container is-layout-constrained wp-container-core-cover-is-layout-a7f2e380 wp-block-cover-is-layout-constrained\">\n<div class=\"wp-block-group is-content-justification-left is-layout-constrained wp-container-core-group-is-layout-17950791 wp-block-group-is-layout-constrained\" style=\"padding-top:0;padding-right:20px;padding-bottom:0;padding-left:20px\">\n<h1 class=\"wp-block-heading has-text-align-left has-white-color has-text-color has-link-color has-x-large-font-size wp-elements-00ae0ccc3478950b68b4564118c7b8d0\"><strong>Consultoria estrat\u00e9gica <\/strong><br><strong>em contextos complexos<\/strong><\/h1>\n\n\n\n<p class=\"has-ast-global-color-4-color has-text-color has-link-color wp-elements-8a0c07fcd3fe046289d1c2d6e3de40ab\">Gest\u00e3o de Crises \u00b7 Planeamento Estrat\u00e9gico e Operacional \u00b7 Rela\u00e7\u00f5es Institucionais<\/p>\n<\/div>\n<\/div><\/div>\n\n\n\n<hr class=\"wp-block-separator has-text-color has-ast-global-color-7-color has-alpha-channel-opacity has-ast-global-color-7-background-color has-background is-style-default\" style=\"margin-top:0px;margin-bottom:0px\"\/>\n\n\n\n<div style=\"height:40px\" aria-hidden=\"true\" class=\"wp-block-spacer\"><\/div>\n\n\n\n<h2 class=\"wp-block-heading\" id=\"quemsomos\"><strong>Quem Somos<\/strong><\/h2>\n\n\n\n<p>A BRAGGA CONSULTORES \u00e9 uma empresa de consultoria especializada em gest\u00e3o de crises, planeamento estrat\u00e9gico e operacional e rela\u00e7\u00f5es institucionais, apoiando organiza\u00e7\u00f5es privadas e p\u00fablicas na tomada de decis\u00e3o, no posicionamento estrat\u00e9gico e na gest\u00e3o de contextos complexos.<\/p>\n\n\n\n<p><strong><a href=\"https:\/\/braggaconsultoria.com\/index.php\/sample-page\/\" data-type=\"page\" data-id=\"2\">Conhecer a BRAGGA CONSULTORES \u2192<\/a><\/strong><\/p>\n\n\n\n<div style=\"height:60px\" aria-hidden=\"true\" class=\"wp-block-spacer\"><\/div>\n\n\n\n<div class=\"wp-block-group is-layout-constrained wp-container-core-group-is-layout-d22ff40a wp-block-group-is-layout-constrained\" style=\"padding-top:0px;padding-right:0px;padding-bottom:0px;padding-left:0px\">\n<h2 class=\"wp-block-heading\" id=\"areasactuacao\"><strong>\u00c1reas de Atua\u00e7\u00e3o<\/strong><\/h2>\n\n\n\n<div class=\"wp-block-columns is-layout-flex wp-container-core-columns-is-layout-a5331a9e wp-block-columns-is-layout-flex\" style=\"padding-top:0;padding-right:0;padding-bottom:0;padding-left:0\">\n<div class=\"wp-block-column is-layout-flow wp-block-column-is-layout-flow\">\n<div class=\"wp-block-group area-atuacao is-layout-constrained wp-block-group-is-layout-constrained\">\n<div class=\"wp-block-cover\" style=\"min-height:360px;aspect-ratio:unset;\"><img loading=\"lazy\" decoding=\"async\" width=\"1024\" height=\"683\" class=\"wp-block-cover__image-background wp-image-105 size-large\" alt=\"\" src=\"https:\/\/braggaconsultoria.com\/wp-content\/uploads\/2026\/01\/sam-szuchan-2s6Gw6n7J9Q-unsplash-1024x683.jpg\" data-object-fit=\"cover\" srcset=\"https:\/\/braggaconsultoria.com\/wp-content\/uploads\/2026\/01\/sam-szuchan-2s6Gw6n7J9Q-unsplash-1024x683.jpg 1024w, https:\/\/braggaconsultoria.com\/wp-content\/uploads\/2026\/01\/sam-szuchan-2s6Gw6n7J9Q-unsplash-300x200.jpg 300w, https:\/\/braggaconsultoria.com\/wp-content\/uploads\/2026\/01\/sam-szuchan-2s6Gw6n7J9Q-unsplash-768x512.jpg 768w, https:\/\/braggaconsultoria.com\/wp-content\/uploads\/2026\/01\/sam-szuchan-2s6Gw6n7J9Q-unsplash-1536x1024.jpg 1536w, https:\/\/braggaconsultoria.com\/wp-content\/uploads\/2026\/01\/sam-szuchan-2s6Gw6n7J9Q-unsplash-2048x1365.jpg 2048w\" sizes=\"auto, (max-width: 1024px) 100vw, 1024px\" \/><span aria-hidden=\"true\" class=\"wp-block-cover__background has-black-background-color has-background-dim-40 has-background-dim\"><\/span><div class=\"wp-block-cover__inner-container is-layout-constrained wp-block-cover-is-layout-constrained\">\n<h3 class=\"wp-block-heading has-text-align-center has-white-color has-text-color has-link-color wp-elements-bc858c66937cb26d08aade8fdfe00969\">Gest\u00e3o de Crises<\/h3>\n\n\n\n<ul class=\"wp-block-list\">\n<li>An\u00e1lise de riscos e vulnerabilidades<\/li>\n\n\n\n<li>Planos de conting\u00eancia<\/li>\n\n\n\n<li>Comunica\u00e7\u00e3o estrat\u00e9gica<\/li>\n\n\n\n<li>Gest\u00e3o de reputa\u00e7\u00e3o e imagem<\/li>\n\n\n\n<li>Coordena\u00e7\u00e3o com stakeholders cr\u00edticos<\/li>\n<\/ul>\n<\/div><\/div>\n<\/div>\n<\/div>\n\n\n\n<div class=\"wp-block-column is-layout-flow wp-block-column-is-layout-flow\">\n<div class=\"wp-block-group area-atuacao is-layout-constrained wp-block-group-is-layout-constrained\">\n<div class=\"wp-block-cover\" style=\"min-height:360px;aspect-ratio:unset;\"><img loading=\"lazy\" decoding=\"async\" width=\"1024\" height=\"683\" class=\"wp-block-cover__image-background wp-image-104 size-large\" alt=\"\" src=\"https:\/\/braggaconsultoria.com\/wp-content\/uploads\/2026\/01\/nhan-hoang-j3eaegN9j_g-unsplash-1024x683.jpg\" data-object-fit=\"cover\" srcset=\"https:\/\/braggaconsultoria.com\/wp-content\/uploads\/2026\/01\/nhan-hoang-j3eaegN9j_g-unsplash-1024x683.jpg 1024w, https:\/\/braggaconsultoria.com\/wp-content\/uploads\/2026\/01\/nhan-hoang-j3eaegN9j_g-unsplash-300x200.jpg 300w, https:\/\/braggaconsultoria.com\/wp-content\/uploads\/2026\/01\/nhan-hoang-j3eaegN9j_g-unsplash-768x512.jpg 768w, https:\/\/braggaconsultoria.com\/wp-content\/uploads\/2026\/01\/nhan-hoang-j3eaegN9j_g-unsplash-1536x1024.jpg 1536w, https:\/\/braggaconsultoria.com\/wp-content\/uploads\/2026\/01\/nhan-hoang-j3eaegN9j_g-unsplash-2048x1365.jpg 2048w\" sizes=\"auto, (max-width: 1024px) 100vw, 1024px\" \/><span aria-hidden=\"true\" class=\"wp-block-cover__background has-black-background-color has-background-dim-30 has-background-dim\"><\/span><div class=\"wp-block-cover__inner-container is-layout-constrained wp-block-cover-is-layout-constrained\">\n<h3 class=\"wp-block-heading has-text-align-center has-ast-global-color-5-color has-text-color has-link-color wp-elements-94654e6d9f8b3c64f94db05d10eb6817\">Planeamento Estrat\u00e9gico e Operacional<\/h3>\n\n\n\n<ul class=\"wp-block-list\">\n<li>Diagn\u00f3stico organizacional<\/li>\n\n\n\n<li>Defini\u00e7\u00e3o de vis\u00e3o, objetivos e metas<\/li>\n\n\n\n<li>Estrat\u00e9gias plurianuais<\/li>\n\n\n\n<li>Gest\u00e3o de projetos e programas<\/li>\n\n\n\n<li>KPIs, OKRs e monitoriza\u00e7\u00e3o de desempenho<\/li>\n<\/ul>\n<\/div><\/div>\n<\/div>\n<\/div>\n\n\n\n<div class=\"wp-block-column is-layout-flow wp-block-column-is-layout-flow\">\n<div class=\"wp-block-group area-atuacao is-layout-constrained wp-block-group-is-layout-constrained\">\n<div class=\"wp-block-cover\" style=\"min-height:360px;aspect-ratio:unset;\"><img loading=\"lazy\" decoding=\"async\" width=\"1024\" height=\"683\" class=\"wp-block-cover__image-background wp-image-106 size-large\" alt=\"\" src=\"https:\/\/braggaconsultoria.com\/wp-content\/uploads\/2026\/01\/remy-gieling-XNpgeT_4Kj0-unsplash-1024x683.jpg\" data-object-fit=\"cover\" srcset=\"https:\/\/braggaconsultoria.com\/wp-content\/uploads\/2026\/01\/remy-gieling-XNpgeT_4Kj0-unsplash-1024x683.jpg 1024w, https:\/\/braggaconsultoria.com\/wp-content\/uploads\/2026\/01\/remy-gieling-XNpgeT_4Kj0-unsplash-300x200.jpg 300w, https:\/\/braggaconsultoria.com\/wp-content\/uploads\/2026\/01\/remy-gieling-XNpgeT_4Kj0-unsplash-768x512.jpg 768w, https:\/\/braggaconsultoria.com\/wp-content\/uploads\/2026\/01\/remy-gieling-XNpgeT_4Kj0-unsplash-1536x1024.jpg 1536w, https:\/\/braggaconsultoria.com\/wp-content\/uploads\/2026\/01\/remy-gieling-XNpgeT_4Kj0-unsplash-2048x1365.jpg 2048w\" sizes=\"auto, (max-width: 1024px) 100vw, 1024px\" \/><span aria-hidden=\"true\" class=\"wp-block-cover__background has-black-background-color has-background-dim\"><\/span><div class=\"wp-block-cover__inner-container is-layout-constrained wp-block-cover-is-layout-constrained\">\n<h3 class=\"wp-block-heading has-text-align-center has-white-color has-text-color has-link-color wp-elements-85768fe7182880e1489e45943d695d6d\">Posicionamento Institucional &amp; B2B<\/h3>\n\n\n\n<ul class=\"wp-block-list\">\n<li>Estrat\u00e9gias de posicionamento corporativo <\/li>\n\n\n\n<li>Fortalecimento de rela\u00e7\u00f5es B2B<\/li>\n\n\n\n<li>Mapeamento de stakeholders <\/li>\n\n\n\n<li>Notoriedade institucional e dos l\u00edderes<\/li>\n\n\n\n<li>Gest\u00e3o de agendas institucionais<\/li>\n<\/ul>\n<\/div><\/div>\n<\/div>\n<\/div>\n<\/div>\n<\/div>\n\n\n\n<div class=\"wp-block-group is-layout-constrained wp-container-core-group-is-layout-0485a38e wp-block-group-is-layout-constrained\" style=\"padding-top:40px;padding-right:0px;padding-bottom:40px;padding-left:0px\">\n<h2 class=\"wp-block-heading\" id=\"metodologia\"><strong>Metodologia<\/strong><\/h2>\n\n\n\n<div class=\"wp-block-columns is-layout-flex wp-container-core-columns-is-layout-28f84493 wp-block-columns-is-layout-flex\">\n<div class=\"wp-block-column metodo-step step-1 is-layout-flow wp-block-column-is-layout-flow\">\n<h4 class=\"wp-block-heading has-text-align-center has-luminous-vivid-amber-color has-text-color has-link-color wp-elements-0055a43134d11e2084e79252d7c18683\">01<\/h4>\n\n\n\n<h4 class=\"wp-block-heading has-text-align-center\">Avaliar<\/h4>\n\n\n\n<p class=\"has-text-align-center\">An\u00e1lise de riscos, contexto e vulnerabilidades cr\u00edticas.<\/p>\n<\/div>\n\n\n\n<div class=\"wp-block-column metodo-step step-2 is-layout-flow wp-block-column-is-layout-flow\">\n<h4 class=\"wp-block-heading has-text-align-center has-luminous-vivid-amber-color has-text-color has-link-color wp-elements-b4f74e3db5656cb08e4298fb74a226e0\">02<\/h4>\n\n\n\n<h4 class=\"wp-block-heading has-text-align-center\">Gerir<\/h4>\n\n\n\n<p class=\"has-text-align-center\">Defini\u00e7\u00e3o de estrat\u00e9gias, planos e coordena\u00e7\u00e3o operacional.<\/p>\n<\/div>\n\n\n\n<div class=\"wp-block-column metodo-step step-3 is-layout-flow wp-block-column-is-layout-flow\">\n<h4 class=\"wp-block-heading has-text-align-center has-luminous-vivid-amber-color has-text-color has-link-color wp-elements-62a00b8542a7470ef0c6378d8449d7cc\">03<\/h4>\n\n\n\n<h4 class=\"wp-block-heading has-text-align-center\">Resolver<\/h4>\n\n\n\n<p class=\"has-text-align-center\">Execu\u00e7\u00e3o, acompanhamento e estabiliza\u00e7\u00e3o institucional.<\/p>\n<\/div>\n<\/div>\n<\/div>\n\n\n\n<hr class=\"wp-block-separator has-text-color has-ast-global-color-7-color has-alpha-channel-opacity has-ast-global-color-7-background-color has-background is-style-default\" style=\"margin-top:0px;margin-bottom:0px\"\/>\n\n\n\n<div style=\"height:40px\" aria-hidden=\"true\" class=\"wp-block-spacer\"><\/div>\n\n\n\n<h2 class=\"wp-block-heading\" id=\"diferenciais\"><strong>Diferenciais<\/strong><\/h2>\n\n\n\n<ul class=\"wp-block-list\">\n<li>Discri\u00e7\u00e3o e confidencialidade<\/li>\n\n\n\n<li>Vis\u00e3o internacional<\/li>\n\n\n\n<li>Capacidade de resposta r\u00e1pida<\/li>\n\n\n\n<li>Execu\u00e7\u00e3o estrat\u00e9gica orientada a resultados<\/li>\n\n\n\n<li>Metodologias testadas<\/li>\n<\/ul>\n\n\n\n<div style=\"height:80px\" aria-hidden=\"true\" class=\"wp-block-spacer\"><\/div>\n","protected":false},"excerpt":{"rendered":"<p>Quem Somos A BRAGGA CONSULTORES \u00e9 uma empresa de consultoria especializada em gest\u00e3o de crises, planeamento estrat\u00e9gico e operacional e [&hellip;]<\/p>\n","protected":false},"author":1,"featured_media":0,"parent":0,"menu_order":0,"comment_status":"closed","ping_status":"closed","template":"","meta":{"site-sidebar-layout":"no-sidebar","site-content-layout":"plain-container","ast-site-content-layout":"default","site-content-style":"default","site-sidebar-style":"default","ast-global-header-display":"","ast-banner-title-visibility":"","ast-main-header-display":"","ast-hfb-above-header-display":"","ast-hfb-below-header-display":"","ast-hfb-mobile-header-display":"","site-post-title":"disabled","ast-breadcrumbs-content":"","ast-featured-img":"","footer-sml-layout":"","ast-disable-related-posts":"","theme-transparent-header-meta":"disabled","adv-header-id-meta":"","stick-header-meta":"","header-above-stick-meta":"","header-main-stick-meta":"","header-below-stick-meta":"","astra-migrate-meta-layouts":"default","ast-page-background-enabled":"default","ast-page-background-meta":{"desktop":{"background-color":"var(--ast-global-color-5)","background-image":"","background-repeat":"repeat","background-position":"center center","background-size":"auto","background-attachment":"scroll","background-type":"","background-media":"","overlay-type":"","overlay-color":"","overlay-opacity":"","overlay-gradient":""},"tablet":{"background-color":"","background-image":"","background-repeat":"repeat","background-position":"center center","background-size":"auto","background-attachment":"scroll","background-type":"","background-media":"","overlay-type":"","overlay-color":"","overlay-opacity":"","overlay-gradient":""},"mobile":{"background-color":"","background-image":"","background-repeat":"repeat","background-position":"center center","background-size":"auto","background-attachment":"scroll","background-type":"","background-media":"","overlay-type":"","overlay-color":"","overlay-opacity":"","overlay-gradient":""}},"ast-content-background-meta":{"desktop":{"background-color":"var(--ast-global-color-4)","background-image":"","background-repeat":"repeat","background-position":"center center","background-size":"auto","background-attachment":"scroll","background-type":"","background-media":"","overlay-type":"","overlay-color":"","overlay-opacity":"","overlay-gradient":""},"tablet":{"background-color":"var(--ast-global-color-4)","background-image":"","background-repeat":"repeat","background-position":"center center","background-size":"auto","background-attachment":"scroll","background-type":"","background-media":"","overlay-type":"","overlay-color":"","overlay-opacity":"","overlay-gradient":""},"mobile":{"background-color":"var(--ast-global-color-4)","background-image":"","background-repeat":"repeat","background-position":"center center","background-size":"auto","background-attachment":"scroll","background-type":"","background-media":"","overlay-type":"","overlay-color":"","overlay-opacity":"","overlay-gradient":""}},"footnotes":""},"class_list":["post-11","page","type-page","status-publish","hentry"],"_links":{"self":[{"href":"https:\/\/braggaconsultoria.com\/index.php\/wp-json\/wp\/v2\/pages\/11","targetHints":{"allow":["GET"]}}],"collection":[{"href":"https:\/\/braggaconsultoria.com\/index.php\/wp-json\/wp\/v2\/pages"}],"about":[{"href":"https:\/\/braggaconsultoria.com\/index.php\/wp-json\/wp\/v2\/types\/page"}],"author":[{"embeddable":true,"href":"https:\/\/braggaconsultoria.com\/index.php\/wp-json\/wp\/v2\/users\/1"}],"replies":[{"embeddable":true,"href":"https:\/\/braggaconsultoria.com\/index.php\/wp-json\/wp\/v2\/comments?post=11"}],"version-history":[{"count":44,"href":"https:\/\/braggaconsultoria.com\/index.php\/wp-json\/wp\/v2\/pages\/11\/revisions"}],"predecessor-version":[{"id":124,"href":"https:\/\/braggaconsultoria.com\/index.php\/wp-json\/wp\/v2\/pages\/11\/revisions\/124"}],"wp:attachment":[{"href":"https:\/\/braggaconsultoria.com\/index.php\/wp-json\/wp\/v2\/media?parent=11"}],"curies":[{"name":"wp","href":"https:\/\/api.w.org\/{rel}","templated":true}]}}